{"id":2783,"date":"2021-06-21T22:35:04","date_gmt":"2021-06-22T01:35:04","guid":{"rendered":"https:\/\/deportesmil.com\/?post_type=product&#038;p=2783"},"modified":"2021-07-28T21:13:05","modified_gmt":"2021-07-29T00:13:05","slug":"suscripcion-basica","status":"publish","type":"product","link":"https:\/\/deportesmil.com\/?product=suscripcion-basica","title":{"rendered":"Suscripci\u00f3n B\u00e1sica"},"content":{"rendered":"<p>Suscripci\u00f3n base a nuestra revista digital.<br \/>\nIngrese sus datos en el formulario de pago, ya que esos datos ser\u00e1n utilizados para identificarlo en la suscripci\u00f3n. Una vez validado su pago (24hs la suscripci\u00f3n quedar\u00e1 activa).<\/p>\n","protected":false},"excerpt":{"rendered":"<p>Suscripci\u00f3n base a nuestra revista digital.<\/p>\n<p>Ingrese sus datos en el formulario de pago, ya que esos datos ser\u00e1n utilizados para identificarlo en la suscripci\u00f3n. Una vez validado su pago (24hs la suscripci\u00f3n quedar\u00e1 activa).<\/p>\n","protected":false},"featured_media":45,"comment_status":"open","ping_status":"closed","template":"","meta":{"site-sidebar-layout":"no-sidebar","site-content-layout":"plain-container","ast-site-content-layout":"default","site-content-style":"default","site-sidebar-style":"default","ast-global-header-display":"","ast-banner-title-visibility":"","ast-main-header-display":"","ast-hfb-above-header-display":"","ast-hfb-below-header-display":"","ast-hfb-mobile-header-display":"","site-post-title":"","ast-breadcrumbs-content":"","ast-featured-img":"","footer-sml-layout":"","ast-disable-related-posts":"","theme-transparent-header-meta":"default","adv-header-id-meta":"","stick-header-meta":"","header-above-stick-meta":"","header-main-stick-meta":"","header-below-stick-meta":"","astra-migrate-meta-layouts":"default","ast-page-background-enabled":"default","ast-page-background-meta":{"desktop":{"background-color":"","background-image":"","background-repeat":"repeat","background-position":"center center","background-size":"auto","background-attachment":"scroll","background-type":"","background-media":"","overlay-type":"","overlay-color":"","overlay-opacity":"","overlay-gradient":""},"tablet":{"background-color":"","background-image":"","background-repeat":"repeat","background-position":"center center","background-size":"auto","background-attachment":"scroll","background-type":"","background-media":"","overlay-type":"","overlay-color":"","overlay-opacity":"","overlay-gradient":""},"mobile":{"background-color":"","background-image":"","background-repeat":"repeat","background-position":"center center","background-size":"auto","background-attachment":"scroll","background-type":"","background-media":"","overlay-type":"","overlay-color":"","overlay-opacity":"","overlay-gradient":""}},"ast-content-background-meta":{"desktop":{"background-color":"var(--ast-global-color-5)","background-image":"","background-repeat":"repeat","background-position":"center center","background-size":"auto","background-attachment":"scroll","background-type":"","background-media":"","overlay-type":"","overlay-color":"","overlay-opacity":"","overlay-gradient":""},"tablet":{"background-color":"var(--ast-global-color-5)","background-image":"","background-repeat":"repeat","background-position":"center center","background-size":"auto","background-attachment":"scroll","background-type":"","background-media":"","overlay-type":"","overlay-color":"","overlay-opacity":"","overlay-gradient":""},"mobile":{"background-color":"var(--ast-global-color-5)","background-image":"","background-repeat":"repeat","background-position":"center center","background-size":"auto","background-attachment":"scroll","background-type":"","background-media":"","overlay-type":"","overlay-color":"","overlay-opacity":"","overlay-gradient":""}},"pgc_sgb_lightbox_settings":""},"product_brand":[],"product_cat":[50],"product_tag":[57,58,59,56,63,62,55,54,60,51,61,52,53],"class_list":{"0":"post-2783","1":"product","2":"type-product","3":"status-publish","4":"has-post-thumbnail","6":"product_cat-suscripciones","7":"product_tag-afiliacion","8":"product_tag-afiliaciones","9":"product_tag-afiliado","10":"product_tag-afiliados","11":"product_tag-basica","12":"product_tag-basico","13":"product_tag-membresias","14":"product_tag-miembros","15":"product_tag-plan-basico","16":"product_tag-suscripcion","17":"product_tag-suscripcion-basica","18":"product_tag-suscripciones","19":"product_tag-suscriptores","20":"desktop-align-left","21":"tablet-align-left","22":"mobile-align-left","24":"first","25":"instock","26":"sale","27":"virtual","28":"purchasable","29":"product-type-simple"},"_links":{"self":[{"href":"https:\/\/deportesmil.com\/index.php?rest_route=\/wp\/v2\/product\/2783","targetHints":{"allow":["GET"]}}],"collection":[{"href":"https:\/\/deportesmil.com\/index.php?rest_route=\/wp\/v2\/product"}],"about":[{"href":"https:\/\/deportesmil.com\/index.php?rest_route=\/wp\/v2\/types\/product"}],"replies":[{"embeddable":true,"href":"https:\/\/deportesmil.com\/index.php?rest_route=%2Fwp%2Fv2%2Fcomments&post=2783"}],"wp:featuredmedia":[{"embeddable":true,"href":"https:\/\/deportesmil.com\/index.php?rest_route=\/wp\/v2\/media\/45"}],"wp:attachment":[{"href":"https:\/\/deportesmil.com\/index.php?rest_route=%2Fwp%2Fv2%2Fmedia&parent=2783"}],"wp:term":[{"taxonomy":"product_brand","embeddable":true,"href":"https:\/\/deportesmil.com\/index.php?rest_route=%2Fwp%2Fv2%2Fproduct_brand&post=2783"},{"taxonomy":"product_cat","embeddable":true,"href":"https:\/\/deportesmil.com\/index.php?rest_route=%2Fwp%2Fv2%2Fproduct_cat&post=2783"},{"taxonomy":"product_tag","embeddable":true,"href":"https:\/\/deportesmil.com\/index.php?rest_route=%2Fwp%2Fv2%2Fproduct_tag&post=2783"}],"curies":[{"name":"wp","href":"https:\/\/api.w.org\/{rel}","templated":true}]}}